{"id":681,"date":"2021-09-21T06:34:58","date_gmt":"2021-09-21T06:34:58","guid":{"rendered":"http:\/\/theyellownest.energy\/?page_id=681"},"modified":"2022-04-07T08:01:16","modified_gmt":"2022-04-07T08:01:16","slug":"avis-legal","status":"publish","type":"page","link":"https:\/\/theyellownest.energy\/es\/avis-legal\/","title":{"rendered":"Av\u00edso legal"},"content":{"rendered":"<p><strong>Identificaci\u00f3n<\/strong><\/p>\n<p>En cumplimiento con el deber de informaci\u00f3n recogido en art\u00edculo 10 de la Ley 34\/2002, de 11 de julio, de Servicios de la Sociedad de la Informaci\u00f3n y del Comercio Electr\u00f3nico, SMILICS TECHNOLOGIES, S.L. (WIBEEE), le informa que los datos aqu\u00ed consignados corresponden a la entidad titular del sitio web wibeee.com\/es.<br \/>\n<strong>Denominaci\u00f3n<\/strong>: SMILICS TECHNOLOGIES, S.L.<br \/>\n<strong>Domicilio<\/strong>: C\/LEPANTO, 43 -08223 \u2013 TERRASSA (Barcelona)<br \/>\n<strong>Tel\u00e9fono<\/strong>: 935158548<br \/>\n<strong>Email<\/strong>: rgpd@wibeee.com<br \/>\n<strong>CIF<\/strong>: B59724963<br \/>\n<strong>Inscripci\u00f3n registral<\/strong>: REGISTRO MERCANTIL DE BARCELONA Tomo 21202 Folio 130 Hoja B-18396<\/p>\n<p><strong>Propiedad intelectual e industrial<\/strong><\/p>\n<p>Todos los derechos de Propiedad Industrial e Intelectual de la totalidad de elementos contenidos en este sitio web o en cualquier APP, incluidas las marcas comerciales, formatos, dise\u00f1os gr\u00e1ficos, textos, im\u00e1genes y documentos, pertenecen a SMILICS TECHNOLOGIES, S.L. y se encuentran protegidos por las leyes espa\u00f1olas e internacionales sobre propiedad Intelectual e Industrial. Queda expresamente prohibida la reproducci\u00f3n total o parcial de este sitio Web o cualquier APP y de cualquiera de sus contenidos sin el permiso expreso y por escrito de SMILICS TECHNOLOGIES, S.L.<\/p>\n<p>El acceso al sitio web o a cualquier APP, no implica ning\u00fan tipo de renuncia, transmisi\u00f3n, licencia o cesi\u00f3n de dichos derechos por parte de SMILICS TECHNOLOGIES, S.L., salvo que se establezca expresamente lo contrario.<\/p>\n<p><strong>Condiciones de uso<\/strong><\/p>\n<p>El acceso a este sitio Web o a cualquier APP, implica la aceptaci\u00f3n de estas condiciones de uso sin reservas que regulan el acceso y la utilizaci\u00f3n del mismo con el fin de poner a disposici\u00f3n de los usuarios informaci\u00f3n sobre nuestros productos.<\/p>\n<p>Se proh\u00edbe expresamente la utilizaci\u00f3n de los contenidos de este sitio Web o de cualquier APP titularidad de SMILICS TECHNOLOGIES, S.L. para su utilizaci\u00f3n con fines comerciales o para su distribuci\u00f3n, transformaci\u00f3n o comunicaci\u00f3n.<br \/>\nSMILICS TECHNOLOGIES, S.L., no responder\u00e1 de ninguna consecuencia, da\u00f1o o perjuicio que pudieran derivarse de dicha utilizaci\u00f3n o uso de la informaci\u00f3n.<\/p>\n<p>Tanto el acceso a esta Web o a cualquier APP de SMILICS TECHNOLOGIES, S.L. como el uso que pueda hacerse de la informaci\u00f3n contenida en las mismas es de la exclusiva responsabilidad de quien lo realiza.<\/p>\n<p>El usuario se obliga a no utilizar la informaci\u00f3n que se publica en esta Web o en cualquier APP de SMILICS TECHNOLOGIES, S.L. con fines o efectos il\u00edcitos o lesivos, a no da\u00f1ar o inutilizar la informaci\u00f3n y a no realizar cualquier otra acci\u00f3n que puedan ser contraria al contenido de este Aviso Legal.<\/p>\n<p>SMILICS TECHNOLOGIES, S.L. no puede asegurar la inexistencia de interrupciones o errores en el acceso a este sitio Web o a cualquier APP, aunque pondr\u00e1 sus mayores esfuerzos para evitarlos.<\/p>\n<p><strong>Enlaces a otras webs<\/strong><\/p>\n<p>Los enlaces (links) que puede encontrar en esta Web o en cualquier APP titularidad de SMILICS TECHNOLOGIES, S.L. son un servicio a los usuarios. Estas p\u00e1ginas no son operadas ni controladas por SMILICS TECHNOLOGIES, S.L., por ello, no se hace responsable de los contenidos de esos sitios Web ni est\u00e1n cubiertas por el presente Aviso Legal. Si accede a estas p\u00e1ginas Webs deber\u00e1 tener en cuenta que sus pol\u00edticas de privacidad pueden ser diferentes a la nuestra.<\/p>\n<p><strong>Legislaci\u00f3n aplicable y competencia jurisdiccional<\/strong><\/p>\n<p>El presente Aviso Legal se rige por la normativa espa\u00f1ola vigente que le es de aplicaci\u00f3n.<\/p>\n<p>Para la resoluci\u00f3n de las controversias que pudieran derivarse como consecuencia de lo dispuesto en las presentes disposiciones y sobre su interpretaci\u00f3n, aplicaci\u00f3n y cumplimiento, el usuario, en virtud de la aceptaci\u00f3n de las condiciones recogidas en este Aviso legal, renuncia expresamente a cualquier otro fuero que pudiera corresponderle.<\/p>\n<p>En cualquier caso, dentro de la jurisdicci\u00f3n espa\u00f1ola, si la legislaci\u00f3n permitiese someterse a un fuero en concreto, el usuario renuncia expresamente al fuero que pudiera corresponderle y se somete voluntariamente a la jurisdicci\u00f3n de los Juzgados y Tribunales de TERRASSA.<\/p>\n<p>&nbsp;<\/p>\n","protected":false},"excerpt":{"rendered":"<p>Identificaci\u00f3n En cumplimiento con el deber de informaci\u00f3n recogido en art\u00edculo 10 de la Ley 34\/2002, de 11 de julio, de Servicios de la Sociedad de la Informaci\u00f3n y del Comercio Electr\u00f3nico, SMILICS TECHNOLOGIES, S.L. (WIBEEE), le informa que los datos aqu\u00ed consignados corresponden a la entidad titular del sitio web wibeee.com\/es. Denominaci\u00f3n: SMILICS TECHNOLOGIES, [&hellip;]<\/p>\n","protected":false},"author":1,"featured_media":0,"parent":0,"menu_order":0,"comment_status":"closed","ping_status":"closed","template":"","meta":{"_acf_changed":false,"footnotes":""},"class_list":["post-681","page","type-page","status-publish","hentry"],"acf":[],"yoast_head":"<!-- This site is optimized with the Yoast SEO plugin v25.5 - https:\/\/yoast.com\/wordpress\/plugins\/seo\/ -->\n<title>Av\u00edso legal - The Yellow Nest<\/title>\n<meta name=\"robots\" content=\"index, follow, max-snippet:-1, max-image-preview:large, max-video-preview:-1\" \/>\n<link rel=\"canonical\" href=\"https:\/\/theyellownest.energy\/avis-legal\/\" \/>\n<meta property=\"og:locale\" content=\"es_ES\" \/>\n<meta property=\"og:type\" content=\"article\" \/>\n<meta property=\"og:title\" content=\"Av\u00edso legal - The Yellow Nest\" \/>\n<meta property=\"og:description\" content=\"Identificaci\u00f3n En cumplimiento con el deber de informaci\u00f3n recogido en art\u00edculo 10 de la Ley 34\/2002, de 11 de julio, de Servicios de la Sociedad de la Informaci\u00f3n y del Comercio Electr\u00f3nico, SMILICS TECHNOLOGIES, S.L. (WIBEEE), le informa que los datos aqu\u00ed consignados corresponden a la entidad titular del sitio web wibeee.com\/es. Denominaci\u00f3n: SMILICS TECHNOLOGIES, [&hellip;]\" \/>\n<meta property=\"og:url\" content=\"https:\/\/theyellownest.energy\/avis-legal\/\" \/>\n<meta property=\"og:site_name\" content=\"The Yellow Nest\" \/>\n<meta property=\"article:modified_time\" content=\"2022-04-07T08:01:16+00:00\" \/>\n<meta name=\"twitter:card\" content=\"summary_large_image\" \/>\n<meta name=\"twitter:label1\" content=\"Tiempo de lectura\" \/>\n\t<meta name=\"twitter:data1\" content=\"3 minutos\" \/>\n<script type=\"application\/ld+json\" class=\"yoast-schema-graph\">{\"@context\":\"https:\/\/schema.org\",\"@graph\":[{\"@type\":\"WebPage\",\"@id\":\"https:\/\/theyellownest.energy\/avis-legal\/\",\"url\":\"https:\/\/theyellownest.energy\/avis-legal\/\",\"name\":\"Av\u00edso legal - The Yellow Nest\",\"isPartOf\":{\"@id\":\"https:\/\/theyellownest.energy\/#website\"},\"datePublished\":\"2021-09-21T06:34:58+00:00\",\"dateModified\":\"2022-04-07T08:01:16+00:00\",\"breadcrumb\":{\"@id\":\"https:\/\/theyellownest.energy\/avis-legal\/#breadcrumb\"},\"inLanguage\":\"es\",\"potentialAction\":[{\"@type\":\"ReadAction\",\"target\":[\"https:\/\/theyellownest.energy\/avis-legal\/\"]}]},{\"@type\":\"BreadcrumbList\",\"@id\":\"https:\/\/theyellownest.energy\/avis-legal\/#breadcrumb\",\"itemListElement\":[{\"@type\":\"ListItem\",\"position\":1,\"name\":\"Inici\",\"item\":\"https:\/\/theyellownest.energy\/es\/\"},{\"@type\":\"ListItem\",\"position\":2,\"name\":\"Av\u00edso legal\"}]},{\"@type\":\"WebSite\",\"@id\":\"https:\/\/theyellownest.energy\/#website\",\"url\":\"https:\/\/theyellownest.energy\/\",\"name\":\"The Yellow Nest\",\"description\":\"\",\"potentialAction\":[{\"@type\":\"SearchAction\",\"target\":{\"@type\":\"EntryPoint\",\"urlTemplate\":\"https:\/\/theyellownest.energy\/?s={search_term_string}\"},\"query-input\":{\"@type\":\"PropertyValueSpecification\",\"valueRequired\":true,\"valueName\":\"search_term_string\"}}],\"inLanguage\":\"es\"}]}<\/script>\n<!-- \/ Yoast SEO plugin. -->","yoast_head_json":{"title":"Av\u00edso legal - The Yellow Nest","robots":{"index":"index","follow":"follow","max-snippet":"max-snippet:-1","max-image-preview":"max-image-preview:large","max-video-preview":"max-video-preview:-1"},"canonical":"https:\/\/theyellownest.energy\/avis-legal\/","og_locale":"es_ES","og_type":"article","og_title":"Av\u00edso legal - The Yellow Nest","og_description":"Identificaci\u00f3n En cumplimiento con el deber de informaci\u00f3n recogido en art\u00edculo 10 de la Ley 34\/2002, de 11 de julio, de Servicios de la Sociedad de la Informaci\u00f3n y del Comercio Electr\u00f3nico, SMILICS TECHNOLOGIES, S.L. (WIBEEE), le informa que los datos aqu\u00ed consignados corresponden a la entidad titular del sitio web wibeee.com\/es. Denominaci\u00f3n: SMILICS TECHNOLOGIES, [&hellip;]","og_url":"https:\/\/theyellownest.energy\/avis-legal\/","og_site_name":"The Yellow Nest","article_modified_time":"2022-04-07T08:01:16+00:00","twitter_card":"summary_large_image","twitter_misc":{"Tiempo de lectura":"3 minutos"},"schema":{"@context":"https:\/\/schema.org","@graph":[{"@type":"WebPage","@id":"https:\/\/theyellownest.energy\/avis-legal\/","url":"https:\/\/theyellownest.energy\/avis-legal\/","name":"Av\u00edso legal - The Yellow Nest","isPartOf":{"@id":"https:\/\/theyellownest.energy\/#website"},"datePublished":"2021-09-21T06:34:58+00:00","dateModified":"2022-04-07T08:01:16+00:00","breadcrumb":{"@id":"https:\/\/theyellownest.energy\/avis-legal\/#breadcrumb"},"inLanguage":"es","potentialAction":[{"@type":"ReadAction","target":["https:\/\/theyellownest.energy\/avis-legal\/"]}]},{"@type":"BreadcrumbList","@id":"https:\/\/theyellownest.energy\/avis-legal\/#breadcrumb","itemListElement":[{"@type":"ListItem","position":1,"name":"Inici","item":"https:\/\/theyellownest.energy\/es\/"},{"@type":"ListItem","position":2,"name":"Av\u00edso legal"}]},{"@type":"WebSite","@id":"https:\/\/theyellownest.energy\/#website","url":"https:\/\/theyellownest.energy\/","name":"The Yellow Nest","description":"","potentialAction":[{"@type":"SearchAction","target":{"@type":"EntryPoint","urlTemplate":"https:\/\/theyellownest.energy\/?s={search_term_string}"},"query-input":{"@type":"PropertyValueSpecification","valueRequired":true,"valueName":"search_term_string"}}],"inLanguage":"es"}]}},"_links":{"self":[{"href":"https:\/\/theyellownest.energy\/es\/wp-json\/wp\/v2\/pages\/681","targetHints":{"allow":["GET"]}}],"collection":[{"href":"https:\/\/theyellownest.energy\/es\/wp-json\/wp\/v2\/pages"}],"about":[{"href":"https:\/\/theyellownest.energy\/es\/wp-json\/wp\/v2\/types\/page"}],"author":[{"embeddable":true,"href":"https:\/\/theyellownest.energy\/es\/wp-json\/wp\/v2\/users\/1"}],"replies":[{"embeddable":true,"href":"https:\/\/theyellownest.energy\/es\/wp-json\/wp\/v2\/comments?post=681"}],"version-history":[{"count":2,"href":"https:\/\/theyellownest.energy\/es\/wp-json\/wp\/v2\/pages\/681\/revisions"}],"predecessor-version":[{"id":688,"href":"https:\/\/theyellownest.energy\/es\/wp-json\/wp\/v2\/pages\/681\/revisions\/688"}],"wp:attachment":[{"href":"https:\/\/theyellownest.energy\/es\/wp-json\/wp\/v2\/media?parent=681"}],"curies":[{"name":"wp","href":"https:\/\/api.w.org\/{rel}","templated":true}]}}