{"id":677,"date":"2021-09-21T06:44:55","date_gmt":"2021-09-21T06:44:55","guid":{"rendered":"http:\/\/theyellownest.energy\/politica-de-privacitat\/"},"modified":"2022-04-07T08:01:11","modified_gmt":"2022-04-07T08:01:11","slug":"politica-de-privacitat","status":"publish","type":"page","link":"https:\/\/theyellownest.energy\/es\/politica-de-privacitat\/","title":{"rendered":"Pol\u00edtica de privacidad"},"content":{"rendered":"<p>En cumplimiento del REGLAMENTO (UE) 2016\/679 DEL PARLAMENTO EUROPEO Y DEL CONSEJO de 27 de Abril de 2016, relativo a la protecci\u00f3n de las personas f\u00edsicas en lo que respecta al tratamiento de datos personales y a la libre circulaci\u00f3n de estos datos, y de la Ley Org\u00e1nica 3\/2018, de 5 de diciembre, de Protecci\u00f3n de Datos Personales y garant\u00eda de los derechos digitales, se le informa que los datos personales proporcionados por usted a trav\u00e9s del sitio web wibeee.com y smilics.com, sus subdominios y a trav\u00e9s de cualquier aplicaci\u00f3n inform\u00e1tica o m\u00f3vil (en adelante APP) titularidad de SMILICS TECHNOLOGIES, S.L, as\u00ed como los datos de consumo y de producci\u00f3n recogidos a trav\u00e9s de los dispositivos WIBEEE, ser\u00e1n tratados en los siguientes t\u00e9rminos:<\/p>\n<p><strong>Responsable del tratamiento<\/strong><\/p>\n<p>Los datos personales ser\u00e1n tratados por SMILICS TECHNOLOGIES, S.L., con domicilio para el ejercicio de derechos en CL LEPANTO, 43 \u2013 08223 TERRASSA (Barcelona). Email: rgpd@wibeee.com.<\/p>\n<p><strong>Datos recogidos<\/strong><\/p>\n<ul>\n<li>Identificador de usuario y direcci\u00f3n de notificaciones: e-mail<\/li>\n<li>Caracter\u00edsticas de la vivienda\/s o local\/es monitorizado: C\u00f3digo postal, superficie, n\u00famero de personas que habitan, equipamiento el\u00e9ctrico (electrodom\u00e9sticos principales).<\/li>\n<li>Datos del consumo el\u00e9ctrico: M\u00faltiples par\u00e1metros el\u00e9ctricos como potencia activa, potencia reactiva, tensi\u00f3n de red, corriente, factor de potencia, y otros par\u00e1metros relacionados.<\/li>\n<li>Datos de contrato el\u00e9ctrico: Potencia el\u00e9ctrica contratada, tipo de suministro o de tarifa.<\/li>\n<li>Datos de facturaci\u00f3n: Nombre completo, DNI\/NIF, direcci\u00f3n fiscal, tel\u00e9fono.<\/li>\n<li>Geolocalizaci\u00f3n: Situaci\u00f3n del equipo instalado (no de la persona).<\/li>\n<\/ul>\n<p><strong><br \/>\nDatos elaborados<\/strong><\/p>\n<ul>\n<li>Consumo el\u00e9ctrico individualizado por electrodom\u00e9stico en resoluci\u00f3n diaria (virtual submetering).<\/li>\n<li>Comparativas de consumo el\u00e9ctrico entre perfiles similares.<\/li>\n<\/ul>\n<p><strong><br \/>\nFinalidades del tratamiento<\/strong><\/p>\n<ul>\n<li>Cumplir con nuestra relaci\u00f3n contractual. Para prestar nuestros servicios, es necesario que recopilemos informaci\u00f3n relativa al consumo de energ\u00eda realizado, as\u00ed como la energ\u00eda generada (en caso de contar con instalaci\u00f3n de autoconsumo). De igual modo, la informaci\u00f3n relativa a las caracter\u00edsticas de la instalaci\u00f3n monitorizada, tarificaci\u00f3n y geolocalizaci\u00f3n es tambi\u00e9n indispensable para la prestaci\u00f3n de nuestros servicios, cuyo objetivo principal es ayudar al usuario a entender el consumo el\u00e9ctrico (y producci\u00f3n) de su casa\/local, analizarlo, compararlo con semejantes y optimizarlo energ\u00e9tica y econ\u00f3micamente.<\/li>\n<li>Recoger y tramitar pedidos de compra de equipos o de licencias de software a trav\u00e9s de la tienda web o a trav\u00e9s de compras embebidas en la app m\u00f3vil.<\/li>\n<li>Informarle acerca de nuestros productos y servicios, cuando as\u00ed lo solicite a trav\u00e9s de los formularios del sitio web o por correo electr\u00f3nico, o cuando existe un inter\u00e9s leg\u00edtimo del responsable del tratamiento basado en una relaci\u00f3n contractual previa.<\/li>\n<li>Dar contestaci\u00f3n y gestionar sus consultas, comentarios y sugerencias, en su caso.<\/li>\n<li>Gestionar su participaci\u00f3n en presentes y futuros procesos de selecci\u00f3n, cuando nos haga llegar sus datos (incluido su curr\u00edculo) con dicha finalidad.<\/li>\n<li>Con la finalidad de obtener informaci\u00f3n del uso del sitio web, se analizan el n\u00famero de p\u00e1ginas visitadas, el n\u00famero de visitas, as\u00ed como la actividad de los visitantes y su frecuencia de utilizaci\u00f3n. A estos efectos, el RESPONSABLE utiliza informaci\u00f3n estad\u00edstica elaborada por el Proveedor de Servicios de Internet que no permite identificar al interesado en ning\u00fan momento.<\/li>\n<\/ul>\n<p>&nbsp;<\/p>\n<p><strong>Legitimaci\u00f3n<\/strong><\/p>\n<p><u>Ejecuci\u00f3n de un contrato en el que el interesado es parte<\/u>. Los datos de consumo recogidos a trav\u00e9s de los dispositivos WIBEEE, as\u00ed como los datos obtenidos como consecuencia de la relaci\u00f3n contractual ser\u00e1n tratados \u00fanicamente para dar cumplimiento a la relaci\u00f3n contractual.<\/p>\n<p><u>Consentimiento<\/u>. Los datos personales obtenidos a trav\u00e9s de los formularios del sitio web ser\u00e1n tratados \u00fanicamente en base al consentimiento otorgado por el interesado, a trav\u00e9s de la aceptaci\u00f3n de la casilla dispuesta para tal fin. Este consentimiento puede ser retirado en cualquier momento.<\/p>\n<p><u>Inter\u00e9s leg\u00edtimo del responsable<\/u>. La informaci\u00f3n estad\u00edstica obtenida del sitio web ser\u00e1 tratada en base al inter\u00e9s leg\u00edtimo del responsable. Esta informaci\u00f3n no permite identificar al usuario.<\/p>\n<p><strong>Destinatarios<\/strong><\/p>\n<p>Los datos personales no ser\u00e1n comunicados a terceros, salvo obligaci\u00f3n legal.<\/p>\n<p><strong>Conservaci\u00f3n<\/strong><\/p>\n<p>Los datos personales facilitados por el usuario para recibir comunicaciones comerciales, ser\u00e1n conservados mientras el interesado no solicite su supresi\u00f3n o retire su consentimiento.<\/p>\n<p>Cuando el usuario env\u00ede sus datos personales para participar en procesos de selecci\u00f3n del RESPONSABLE, los datos ser\u00e1n tratados para participar en presentes procesos de selecci\u00f3n, y si no fuera seleccionado, se conservar\u00e1n sus datos personales durante un periodo de dos a\u00f1os con el fin de poder contar con su participaci\u00f3n en futuros procesos.<\/p>\n<p>Cuando el usuario env\u00ede sus datos para contactar con el RESPONSABLE, realizar consultas o sugerencias, los datos se conservar\u00e1n mientras sea necesario para tal fin y puedan derivarse responsabilidades del tratamiento.<br \/>\nDatos de tr\u00e1fico, estad\u00edsticos y visitas web: los datos ser\u00e1n conservados durante el plazo de tres a\u00f1os.<\/p>\n<p>Los Datos de consumo as\u00ed como los datos obtenidos como consecuencia de la relaci\u00f3n contractual, ser\u00e1n conservados mientras dure dicha relaci\u00f3n.<\/p>\n<p><strong>Derechos<\/strong><\/p>\n<p>Puede ejercer sus derechos de acceso, rectificaci\u00f3n, supresi\u00f3n y portabilidad de sus datos, de limitaci\u00f3n y oposici\u00f3n a su tratamiento, mediante escrito acompa\u00f1ado de documento oficial que le identifique dirigido a CL LEPANTO, 43 \u2013 08223 TERRASSA (Barcelona). Email: rgpd@wibeee.com. En caso de disconformidad con el tratamiento, tambi\u00e9n tiene derecho a presentar una reclamaci\u00f3n ante la Agencia Espa\u00f1ola de Protecci\u00f3n de Datos (<a href=\"http:\/\/www.aepd.es\/\">www.aepd.es<\/a>).<\/p>\n<p><strong>Pol\u00edtica de protecci\u00f3n de menores<\/strong><\/p>\n<p>Quien facilita los datos a trav\u00e9s de los formularios de esta Web o a trav\u00e9s de cualquier APP titularidad de SMILICS TECHOLOGIES, S.L. acepta su tratamiento y declara formalmente ser mayor de 14 a\u00f1os.<\/p>\n<p>Queda prohibido el acceso y uso del portal a los menores de 14 a\u00f1os de edad.<\/p>\n<p>El RESPONSABLE recuerda a las personas mayores de edad que tengan a su cargo menores, que ser\u00e1 de su exclusiva responsabilidad si alg\u00fan menor incorpora sus datos para solicitar alg\u00fan producto.<\/p>\n<p>Tambi\u00e9n les informa que existen programas inform\u00e1ticos para acotar la navegaci\u00f3n mediante el filtro o bloqueo a determinados contenidos.<\/p>\n<p><strong>Tratamiento derivado del uso de las redes sociales<\/strong><\/p>\n<p>Al seguir nuestro perfil en las redes sociales consiente expresamente el tratamiento de sus datos personales conforme a la pol\u00edtica de privacidad de la correspondiente red social. Igualmente, consiente expresamente el acceso del RESPONSABLE al tratamiento de sus datos contenidos en su perfil y que las noticias publicadas sobre cualquier producto del RESPONSABLE aparezcan en su muro. Su petici\u00f3n para conectar, implica necesariamente su consentimiento para los tratamientos se\u00f1alados, siendo esta la base legal del tratamiento. Los datos se conservar\u00e1n mientras el interesado no solicite su oposici\u00f3n o retire su consentimiento, pudiendo retirar este en cualquier momento.<\/p>\n<p>Los comentarios y contenidos publicados en las redes sociales se convertir\u00e1n en informaci\u00f3n p\u00fablica, por lo que los usuarios deber\u00e1n tener especial cautela cuando decidan compartir su informaci\u00f3n personal. El RESPONSABLE no se hace responsable por la informaci\u00f3n que los usuarios incorporen en la p\u00e1gina. No obstante, las personas cuyos datos personales se encuentren publicados o est\u00e9n incluidos en comentarios, podr\u00e1n solicitar al RESPONSABLE la cancelaci\u00f3n de los mismos.<\/p>\n","protected":false},"excerpt":{"rendered":"<p>En cumplimiento del REGLAMENTO (UE) 2016\/679 DEL PARLAMENTO EUROPEO Y DEL CONSEJO de 27 de Abril de 2016, relativo a la protecci\u00f3n de las personas f\u00edsicas en lo que respecta al tratamiento de datos personales y a la libre circulaci\u00f3n de estos datos, y de la Ley Org\u00e1nica 3\/2018, de 5 de diciembre, de Protecci\u00f3n [&hellip;]<\/p>\n","protected":false},"author":1,"featured_media":0,"parent":0,"menu_order":0,"comment_status":"closed","ping_status":"closed","template":"","meta":{"_acf_changed":false,"footnotes":""},"class_list":["post-677","page","type-page","status-publish","hentry"],"acf":[],"yoast_head":"<!-- This site is optimized with the Yoast SEO plugin v25.5 - https:\/\/yoast.com\/wordpress\/plugins\/seo\/ -->\n<title>Pol\u00edtica de privacidad - The Yellow Nest<\/title>\n<meta name=\"robots\" content=\"index, follow, max-snippet:-1, max-image-preview:large, max-video-preview:-1\" \/>\n<link rel=\"canonical\" href=\"https:\/\/theyellownest.energy\/politica-de-privacitat\/\" \/>\n<meta property=\"og:locale\" content=\"es_ES\" \/>\n<meta property=\"og:type\" content=\"article\" \/>\n<meta property=\"og:title\" content=\"Pol\u00edtica de privacidad - The Yellow Nest\" \/>\n<meta property=\"og:description\" content=\"En cumplimiento del REGLAMENTO (UE) 2016\/679 DEL PARLAMENTO EUROPEO Y DEL CONSEJO de 27 de Abril de 2016, relativo a la protecci\u00f3n de las personas f\u00edsicas en lo que respecta al tratamiento de datos personales y a la libre circulaci\u00f3n de estos datos, y de la Ley Org\u00e1nica 3\/2018, de 5 de diciembre, de Protecci\u00f3n [&hellip;]\" \/>\n<meta property=\"og:url\" content=\"https:\/\/theyellownest.energy\/politica-de-privacitat\/\" \/>\n<meta property=\"og:site_name\" content=\"The Yellow Nest\" \/>\n<meta property=\"article:modified_time\" content=\"2022-04-07T08:01:11+00:00\" \/>\n<meta name=\"twitter:card\" content=\"summary_large_image\" \/>\n<meta name=\"twitter:label1\" content=\"Tiempo de lectura\" \/>\n\t<meta name=\"twitter:data1\" content=\"6 minutos\" \/>\n<script type=\"application\/ld+json\" class=\"yoast-schema-graph\">{\"@context\":\"https:\/\/schema.org\",\"@graph\":[{\"@type\":\"WebPage\",\"@id\":\"https:\/\/theyellownest.energy\/politica-de-privacitat\/\",\"url\":\"https:\/\/theyellownest.energy\/politica-de-privacitat\/\",\"name\":\"Pol\u00edtica de privacidad - The Yellow Nest\",\"isPartOf\":{\"@id\":\"https:\/\/theyellownest.energy\/#website\"},\"datePublished\":\"2021-09-21T06:44:55+00:00\",\"dateModified\":\"2022-04-07T08:01:11+00:00\",\"breadcrumb\":{\"@id\":\"https:\/\/theyellownest.energy\/politica-de-privacitat\/#breadcrumb\"},\"inLanguage\":\"es\",\"potentialAction\":[{\"@type\":\"ReadAction\",\"target\":[\"https:\/\/theyellownest.energy\/politica-de-privacitat\/\"]}]},{\"@type\":\"BreadcrumbList\",\"@id\":\"https:\/\/theyellownest.energy\/politica-de-privacitat\/#breadcrumb\",\"itemListElement\":[{\"@type\":\"ListItem\",\"position\":1,\"name\":\"Inici\",\"item\":\"https:\/\/theyellownest.energy\/es\/\"},{\"@type\":\"ListItem\",\"position\":2,\"name\":\"Pol\u00edtica de privacidad\"}]},{\"@type\":\"WebSite\",\"@id\":\"https:\/\/theyellownest.energy\/#website\",\"url\":\"https:\/\/theyellownest.energy\/\",\"name\":\"The Yellow Nest\",\"description\":\"\",\"potentialAction\":[{\"@type\":\"SearchAction\",\"target\":{\"@type\":\"EntryPoint\",\"urlTemplate\":\"https:\/\/theyellownest.energy\/?s={search_term_string}\"},\"query-input\":{\"@type\":\"PropertyValueSpecification\",\"valueRequired\":true,\"valueName\":\"search_term_string\"}}],\"inLanguage\":\"es\"}]}<\/script>\n<!-- \/ Yoast SEO plugin. -->","yoast_head_json":{"title":"Pol\u00edtica de privacidad - The Yellow Nest","robots":{"index":"index","follow":"follow","max-snippet":"max-snippet:-1","max-image-preview":"max-image-preview:large","max-video-preview":"max-video-preview:-1"},"canonical":"https:\/\/theyellownest.energy\/politica-de-privacitat\/","og_locale":"es_ES","og_type":"article","og_title":"Pol\u00edtica de privacidad - The Yellow Nest","og_description":"En cumplimiento del REGLAMENTO (UE) 2016\/679 DEL PARLAMENTO EUROPEO Y DEL CONSEJO de 27 de Abril de 2016, relativo a la protecci\u00f3n de las personas f\u00edsicas en lo que respecta al tratamiento de datos personales y a la libre circulaci\u00f3n de estos datos, y de la Ley Org\u00e1nica 3\/2018, de 5 de diciembre, de Protecci\u00f3n [&hellip;]","og_url":"https:\/\/theyellownest.energy\/politica-de-privacitat\/","og_site_name":"The Yellow Nest","article_modified_time":"2022-04-07T08:01:11+00:00","twitter_card":"summary_large_image","twitter_misc":{"Tiempo de lectura":"6 minutos"},"schema":{"@context":"https:\/\/schema.org","@graph":[{"@type":"WebPage","@id":"https:\/\/theyellownest.energy\/politica-de-privacitat\/","url":"https:\/\/theyellownest.energy\/politica-de-privacitat\/","name":"Pol\u00edtica de privacidad - The Yellow Nest","isPartOf":{"@id":"https:\/\/theyellownest.energy\/#website"},"datePublished":"2021-09-21T06:44:55+00:00","dateModified":"2022-04-07T08:01:11+00:00","breadcrumb":{"@id":"https:\/\/theyellownest.energy\/politica-de-privacitat\/#breadcrumb"},"inLanguage":"es","potentialAction":[{"@type":"ReadAction","target":["https:\/\/theyellownest.energy\/politica-de-privacitat\/"]}]},{"@type":"BreadcrumbList","@id":"https:\/\/theyellownest.energy\/politica-de-privacitat\/#breadcrumb","itemListElement":[{"@type":"ListItem","position":1,"name":"Inici","item":"https:\/\/theyellownest.energy\/es\/"},{"@type":"ListItem","position":2,"name":"Pol\u00edtica de privacidad"}]},{"@type":"WebSite","@id":"https:\/\/theyellownest.energy\/#website","url":"https:\/\/theyellownest.energy\/","name":"The Yellow Nest","description":"","potentialAction":[{"@type":"SearchAction","target":{"@type":"EntryPoint","urlTemplate":"https:\/\/theyellownest.energy\/?s={search_term_string}"},"query-input":{"@type":"PropertyValueSpecification","valueRequired":true,"valueName":"search_term_string"}}],"inLanguage":"es"}]}},"_links":{"self":[{"href":"https:\/\/theyellownest.energy\/es\/wp-json\/wp\/v2\/pages\/677","targetHints":{"allow":["GET"]}}],"collection":[{"href":"https:\/\/theyellownest.energy\/es\/wp-json\/wp\/v2\/pages"}],"about":[{"href":"https:\/\/theyellownest.energy\/es\/wp-json\/wp\/v2\/types\/page"}],"author":[{"embeddable":true,"href":"https:\/\/theyellownest.energy\/es\/wp-json\/wp\/v2\/users\/1"}],"replies":[{"embeddable":true,"href":"https:\/\/theyellownest.energy\/es\/wp-json\/wp\/v2\/comments?post=677"}],"version-history":[{"count":2,"href":"https:\/\/theyellownest.energy\/es\/wp-json\/wp\/v2\/pages\/677\/revisions"}],"predecessor-version":[{"id":687,"href":"https:\/\/theyellownest.energy\/es\/wp-json\/wp\/v2\/pages\/677\/revisions\/687"}],"wp:attachment":[{"href":"https:\/\/theyellownest.energy\/es\/wp-json\/wp\/v2\/media?parent=677"}],"curies":[{"name":"wp","href":"https:\/\/api.w.org\/{rel}","templated":true}]}}